{"id":748,"date":"2026-02-06T15:50:03","date_gmt":"2026-02-06T15:50:03","guid":{"rendered":"https:\/\/www.lemansclassicseries.com\/?page_id=748"},"modified":"2026-03-02T17:29:22","modified_gmt":"2026-03-02T17:29:22","slug":"contact","status":"publish","type":"page","link":"https:\/\/www.lemansclassicseries.com\/en\/portail-offres\/contact\/","title":{"rendered":"Contact"},"content":{"rendered":"<section class=\"bde-section-748-115 bde-section\">\n              \n  \n  \n\t\n\n  <div class=\"section-background-overlay\"><\/div>\n\n\n<div class=\"section-container\"><h1 class=\"bde-heading-748-120 bde-heading\">\nContact\n<\/h1><div class=\"bde-div-748-117 bde-div\">\n  \n  \n\t\n\n\n\n<div class=\"bde-fancy-divider-748-118 bde-fancy-divider\">\n\n\n<div class=\"bde-fancy-divider__wrapper\">\n  <div class=\"bde-fancy-divider__separator\">\n  \t  <\/div>\n<\/div>\n\n<\/div><div class=\"bde-button-748-121 bde-button\">\n    \n                        \n                        \n    \n    \n    \n    \n            \n                    \n            \n            \n\n    \n    \n    \n    \n    \n    <a class=\"breakdance-link button-atom button-atom--custom bde-button__button\" href=\"\/en\/product-category\/offres-media\/#catalogue\" target=\"_self\" data-type=\"url\"  >\n\n    \n        <span class=\"button-atom__text\">Back to offers<\/span>\n\n        \n        \n                <\/a>\n\n    \n\n\n<\/div>\n<\/div><\/div>\n<\/section><section class=\"bde-section-748-104 bde-section\">\n  \n  \n\t\n\n\n\n<div class=\"section-container\"><h4 class=\"bde-heading-748-101 bde-heading\">\nWould you like to ask us a question, obtain information or tell us about a project?\n<\/h4><div class=\"bde-text-748-102 bde-text\">\nWe look forward to hearing from you! To enable us to reply as quickly as possible, please make sure your request is complete. Your message is in good hands: every request receives special attention!\n<\/div><div class=\"bde-code-block-748-103 bde-code-block\">\n\n  <div style=\"width:100%;height:500px;\" data-fillout-id=\"eWsWtXzpeEus\" data-fillout-embed-type=\"standard\" data-fillout-inherit-parameters data-fillout-dynamic-resize><\/div><script src=\"https:\/\/server.fillout.com\/embed\/v1\/\"><\/script>\n\n\n<\/div><\/div>\n<\/section>","protected":false},"excerpt":{"rendered":"<p>Contact Retour aux offres Vous souhaitez nous poser une question, obtenir des informations ou nous faire part d\u2019un projet ? Nous serons ravis de vous lire ! Afin de vous r\u00e9pondre dans les meilleurs d\u00e9lais, merci d&rsquo;effectuer une demande exhaustive. Votre message est entre de bonnes mains : chaque demande re\u00e7oit une attention particuli\u00e8re !<\/p>","protected":false},"author":2,"featured_media":0,"parent":145,"menu_order":0,"comment_status":"closed","ping_status":"closed","template":"","meta":{"_breakdance_hide_in_design_set":false,"_breakdance_tags":"","footnotes":""},"class_list":["post-748","page","type-page","status-publish","hentry"],"_links":{"self":[{"href":"https:\/\/www.lemansclassicseries.com\/en\/wp-json\/wp\/v2\/pages\/748","targetHints":{"allow":["GET"]}}],"collection":[{"href":"https:\/\/www.lemansclassicseries.com\/en\/wp-json\/wp\/v2\/pages"}],"about":[{"href":"https:\/\/www.lemansclassicseries.com\/en\/wp-json\/wp\/v2\/types\/page"}],"author":[{"embeddable":true,"href":"https:\/\/www.lemansclassicseries.com\/en\/wp-json\/wp\/v2\/users\/2"}],"replies":[{"embeddable":true,"href":"https:\/\/www.lemansclassicseries.com\/en\/wp-json\/wp\/v2\/comments?post=748"}],"version-history":[{"count":5,"href":"https:\/\/www.lemansclassicseries.com\/en\/wp-json\/wp\/v2\/pages\/748\/revisions"}],"predecessor-version":[{"id":931,"href":"https:\/\/www.lemansclassicseries.com\/en\/wp-json\/wp\/v2\/pages\/748\/revisions\/931"}],"up":[{"embeddable":true,"href":"https:\/\/www.lemansclassicseries.com\/en\/wp-json\/wp\/v2\/pages\/145"}],"wp:attachment":[{"href":"https:\/\/www.lemansclassicseries.com\/en\/wp-json\/wp\/v2\/media?parent=748"}],"curies":[{"name":"wp","href":"https:\/\/api.w.org\/{rel}","templated":true}]}}