{"id":23,"date":"2026-01-20T13:45:34","date_gmt":"2026-01-20T13:45:34","guid":{"rendered":"https:\/\/www.lemansclassicseries.com\/?page_id=23"},"modified":"2026-02-10T15:51:33","modified_gmt":"2026-02-10T15:51:33","slug":"conditions-generales-de-vente","status":"publish","type":"page","link":"https:\/\/www.lemansclassicseries.com\/en\/portail-offres\/conditions-generales-de-vente\/","title":{"rendered":"Conditions g\u00e9n\u00e9rales de vente"},"content":{"rendered":"<section class=\"bde-section-23-135 bde-section\">\n              \n  \n  \n\t\n\n  <div class=\"section-background-overlay\"><\/div>\n\n\n<div class=\"section-container\"><h1 class=\"bde-heading-23-136 bde-heading\">\nGeneral terms and conditions<br>sales\n<\/h1><div class=\"bde-div-23-137 bde-div\">\n  \n  \n\t\n\n\n\n<div class=\"bde-fancy-divider-23-138 bde-fancy-divider\">\n\n\n<div class=\"bde-fancy-divider__wrapper\">\n  <div class=\"bde-fancy-divider__separator\">\n  \t  <\/div>\n<\/div>\n\n<\/div><div class=\"bde-button-23-140 bde-button\">\n    \n                        \n                        \n    \n    \n    \n    \n            \n                    \n            \n            \n\n    \n    \n    \n    \n    \n    <a class=\"breakdance-link button-atom button-atom--custom bde-button__button\" href=\"\/en\/portail-offres\/contact\/\" target=\"_self\" data-type=\"url\"  >\n\n    \n        <span class=\"button-atom__text\">Contact form<\/span>\n\n        \n        \n                <\/a>\n\n    \n\n\n<\/div>\n<\/div><\/div>\n<\/section><section class=\"bde-section-23-124 bde-section\">\n  \n  \n\t\n\n\n\n<div class=\"section-container\"><div class=\"bde-div-23-105 bde-div\">\n  \n  \n\t\n\n\n\n<h4 class=\"bde-heading-23-106 bde-heading\">\nStudio\n<\/h4><div class=\"bde-rich-text-23-107 bde-rich-text breakdance-rich-text-styles\">\n<p><strong>Force Majeure &amp; Cancellations<\/strong><\/p><p>In the event of an incident preventing a vehicle from taking part in a race (accident, breakdown or any other event considered to be force majeure), and if the order has already been confirmed, the following provisions shall apply:<\/p><ul><li>A credit may be issued, valid for a subsequent journey; ;<\/li><li>Or, in exceptional circumstances, a partial refund may be granted, on a case-by-case basis, if no usable image has been produced.<\/li><\/ul><p>Any order placed after the Friday evening preceding the event will be considered as subject to the availability of sufficient photographic content, and will be subject to manual validation by DPPI.<\/p><p>An order corresponds to a single car and a single race number.<\/p><p>Deliveries are made within a maximum of five (5) working days following the end of each race.<\/p>\n<\/div>\n<\/div><div class=\"bde-div-23-104 bde-div\">\n  \n  \n\t\n\n\n\n<h4 class=\"bde-heading-23-103 bde-heading\">\nWeekend\n<\/h4><div class=\"bde-rich-text-23-102 bde-rich-text breakdance-rich-text-styles\">\n<p><strong>Force Majeure &amp; Cancellations<\/strong><\/p><p>In the event of an incident preventing a vehicle from taking part in a race (accident, breakdown or any other event considered to be force majeure), and if the order has already been confirmed, the following provisions shall apply:<\/p><ul><li>A credit may be issued, valid for a subsequent journey; ;<\/li><li>Or, in exceptional circumstances, a partial refund may be granted, on a case-by-case basis, if no usable image has been produced.<\/li><\/ul><p>Any order placed after the Friday evening preceding the event will be considered as subject to the availability of sufficient photographic content, and will be subject to manual validation by DPPI.<\/p><p>An order corresponds to a single car and a single race number.<\/p><p>Deliveries are made within a maximum of five (5) working days following the end of each race.<\/p>\n<\/div>\n<\/div><div class=\"bde-div-23-108 bde-div\">\n  \n  \n\t\n\n\n\n<h4 class=\"bde-heading-23-109 bde-heading\">\nSeason\n<\/h4><div class=\"bde-rich-text-23-110 bde-rich-text breakdance-rich-text-styles\">\n<p><strong>Force Majeure &amp; Cancellations<\/strong><\/p><p>In the event of an incident preventing a vehicle from taking part in a race (accident, breakdown or any other event considered to be force majeure), and if the order has already been confirmed, the following provisions shall apply:<\/p><ul><li>A credit may be issued, valid for a subsequent journey; ;<\/li><li>Or, in exceptional circumstances, a partial refund may be granted, on a case-by-case basis, if no usable image has been produced.<\/li><\/ul><p>Any order placed after the Friday evening preceding the event will be considered as subject to the availability of sufficient photographic content, and will be subject to manual validation by DPPI.<\/p><p>An order corresponds to a single car and a single race number.<\/p><p>Deliveries are made within a maximum of five (5) working days following the end of each race.<\/p>\n<\/div>\n<\/div><div class=\"bde-div-23-111 bde-div\">\n  \n  \n\t\n\n\n\n<h4 class=\"bde-heading-23-112 bde-heading\">\nVideo\n<\/h4><div class=\"bde-rich-text-23-113 bde-rich-text breakdance-rich-text-styles\">\n<p><strong>Force Majeure &amp; Cancellations<\/strong><\/p><p>In the event of an incident preventing a vehicle from taking part in a race (accident, breakdown or any other event considered to be force majeure), and if the order has already been confirmed, the following provisions shall apply:<\/p><ul><li>A credit may be issued, valid for a subsequent journey; ;<\/li><li>Or, in exceptional circumstances, a partial refund may be granted, on a case-by-case basis, if no usable image has been produced.<\/li><\/ul><p>Any order placed after the Friday evening preceding the event will be considered as subject to the availability of sufficient photographic content, and will be subject to manual validation by DPPI.<\/p><p>An order corresponds to a single car and a single race number.<\/p><p>Deliveries are made within a maximum of five (5) working days following the end of each race.<\/p>\n<\/div>\n<\/div><div class=\"bde-div-23-121 bde-div\">\n  \n  \n\t\n\n\n\n<h4 class=\"bde-heading-23-122 bde-heading\">\nGeneral Terms and Conditions\n<\/h4><div class=\"bde-rich-text-23-123 bde-rich-text breakdance-rich-text-styles\">\n<p><strong>Force Majeure &amp; Cancellations<\/strong><\/p><p>In the event of an incident preventing a vehicle from taking part in a race (accident, breakdown or any other event considered to be force majeure), and if the order has already been confirmed, the following provisions shall apply:<\/p><ul><li>A credit may be issued, valid for a subsequent journey; ;<\/li><li>Or, in exceptional circumstances, a partial refund may be granted, on a case-by-case basis, if no usable image has been produced.<\/li><\/ul><p>Any order placed after the Friday evening preceding the event will be considered as subject to the availability of sufficient photographic content, and will be subject to manual validation by DPPI.<\/p><p>An order corresponds to a single car and a single race number.<\/p><p>Deliveries are made within a maximum of five (5) working days following the end of each race.<\/p>\n<\/div>\n<\/div><\/div>\n<\/section>","protected":false},"excerpt":{"rendered":"<p>Conditions g\u00e9n\u00e9ralesde vente Formulaire de contact Studio Cas de Force Majeure &amp; AnnulationsEn cas d\u2019incident emp\u00eachant la participation d\u2019un v\u00e9hicule \u00e0 une course (accident, panne ou tout autre \u00e9v\u00e9nement assimil\u00e9 \u00e0 un cas de force majeure), et si la commande a d\u00e9j\u00e0 \u00e9t\u00e9 confirm\u00e9e, les dispositions suivantes s\u2019appliquent :Un cr\u00e9dit pourra \u00eatre \u00e9mis, valable sur [&hellip;]<\/p>\n","protected":false},"author":1,"featured_media":0,"parent":145,"menu_order":0,"comment_status":"closed","ping_status":"closed","template":"","meta":{"_breakdance_hide_in_design_set":false,"_breakdance_tags":"","footnotes":""},"class_list":["post-23","page","type-page","status-publish","hentry"],"_links":{"self":[{"href":"https:\/\/www.lemansclassicseries.com\/en\/wp-json\/wp\/v2\/pages\/23","targetHints":{"allow":["GET"]}}],"collection":[{"href":"https:\/\/www.lemansclassicseries.com\/en\/wp-json\/wp\/v2\/pages"}],"about":[{"href":"https:\/\/www.lemansclassicseries.com\/en\/wp-json\/wp\/v2\/types\/page"}],"author":[{"embeddable":true,"href":"https:\/\/www.lemansclassicseries.com\/en\/wp-json\/wp\/v2\/users\/1"}],"replies":[{"embeddable":true,"href":"https:\/\/www.lemansclassicseries.com\/en\/wp-json\/wp\/v2\/comments?post=23"}],"version-history":[{"count":6,"href":"https:\/\/www.lemansclassicseries.com\/en\/wp-json\/wp\/v2\/pages\/23\/revisions"}],"predecessor-version":[{"id":874,"href":"https:\/\/www.lemansclassicseries.com\/en\/wp-json\/wp\/v2\/pages\/23\/revisions\/874"}],"up":[{"embeddable":true,"href":"https:\/\/www.lemansclassicseries.com\/en\/wp-json\/wp\/v2\/pages\/145"}],"wp:attachment":[{"href":"https:\/\/www.lemansclassicseries.com\/en\/wp-json\/wp\/v2\/media?parent=23"}],"curies":[{"name":"wp","href":"https:\/\/api.w.org\/{rel}","templated":true}]}}